{"id":52,"date":"2022-08-02T10:34:48","date_gmt":"2022-08-02T10:34:48","guid":{"rendered":"http:\/\/marticosta.es\/?page_id=52"},"modified":"2023-09-09T08:47:25","modified_gmt":"2023-09-09T08:47:25","slug":"sobre-mi","status":"publish","type":"page","link":"http:\/\/marticosta.es\/es\/sobre-mi\/","title":{"rendered":"Bio"},"content":{"rendered":"<div data-elementor-type=\"wp-page\" data-elementor-id=\"52\" class=\"elementor elementor-52\">\n\t\t\t\t\t\t<section class=\"elementor-section elementor-top-section elementor-element elementor-element-1210fc98 elementor-section-boxed elementor-section-height-default elementor-section-height-default qodef-elementor-content-no\" data-id=\"1210fc98\" data-element_type=\"section\">\n\t\t\t\t\t\t<div class=\"elementor-container elementor-column-gap-default\">\n\t\t\t\t\t<div class=\"elementor-column elementor-col-100 elementor-top-column elementor-element elementor-element-730353a0\" data-id=\"730353a0\" data-element_type=\"column\">\n\t\t\t<div class=\"elementor-widget-wrap elementor-element-populated\">\n\t\t\t\t\t\t<div class=\"elementor-element elementor-element-6f7277f elementor-widget elementor-widget-image\" data-id=\"6f7277f\" data-element_type=\"widget\" data-widget_type=\"image.default\">\n\t\t\t\t<div class=\"elementor-widget-container\">\n\t\t\t<style>\/*! elementor - v3.22.0 - 26-06-2024 *\/\n.elementor-widget-image{text-align:center}.elementor-widget-image a{display:inline-block}.elementor-widget-image a img[src$=\".svg\"]{width:48px}.elementor-widget-image img{vertical-align:middle;display:inline-block}<\/style>\t\t\t\t\t\t\t\t\t\t<img fetchpriority=\"high\" decoding=\"async\" width=\"1920\" height=\"1080\" src=\"http:\/\/marticosta.es\/wp-content\/uploads\/2023\/09\/retrat-editat2.jpg\" class=\"attachment-full size-full wp-image-409\" alt=\"\" srcset=\"http:\/\/marticosta.es\/wp-content\/uploads\/2023\/09\/retrat-editat2.jpg 1920w, http:\/\/marticosta.es\/wp-content\/uploads\/2023\/09\/retrat-editat2-300x169.jpg 300w, http:\/\/marticosta.es\/wp-content\/uploads\/2023\/09\/retrat-editat2-1024x576.jpg 1024w, http:\/\/marticosta.es\/wp-content\/uploads\/2023\/09\/retrat-editat2-768x432.jpg 768w, http:\/\/marticosta.es\/wp-content\/uploads\/2023\/09\/retrat-editat2-1536x864.jpg 1536w\" sizes=\"(max-width: 1920px) 100vw, 1920px\" \/>\t\t\t\t\t\t\t\t\t\t\t\t\t<\/div>\n\t\t\t\t<\/div>\n\t\t\t\t<div class=\"elementor-element elementor-element-b8a2fd3 elementor-widget elementor-widget-heading\" data-id=\"b8a2fd3\" data-element_type=\"widget\" data-widget_type=\"heading.default\">\n\t\t\t\t<div class=\"elementor-widget-container\">\n\t\t\t<style>\/*! elementor - v3.22.0 - 26-06-2024 *\/\n.elementor-heading-title{padding:0;margin:0;line-height:1}.elementor-widget-heading .elementor-heading-title[class*=elementor-size-]>a{color:inherit;font-size:inherit;line-height:inherit}.elementor-widget-heading .elementor-heading-title.elementor-size-small{font-size:15px}.elementor-widget-heading .elementor-heading-title.elementor-size-medium{font-size:19px}.elementor-widget-heading .elementor-heading-title.elementor-size-large{font-size:29px}.elementor-widget-heading .elementor-heading-title.elementor-size-xl{font-size:39px}.elementor-widget-heading .elementor-heading-title.elementor-size-xxl{font-size:59px}<\/style><h2 class=\"elementor-heading-title elementor-size-default\">CATAL\u00c1N_<\/h2>\t\t<\/div>\n\t\t\t\t<\/div>\n\t\t\t\t<div class=\"elementor-element elementor-element-7f0826a9 elementor-drop-cap-yes elementor-drop-cap-view-default elementor-widget elementor-widget-text-editor\" data-id=\"7f0826a9\" data-element_type=\"widget\" data-settings=\"{&quot;drop_cap&quot;:&quot;yes&quot;}\" data-widget_type=\"text-editor.default\">\n\t\t\t\t<div class=\"elementor-widget-container\">\n\t\t\t<style>\/*! elementor - v3.22.0 - 26-06-2024 *\/\n.elementor-widget-text-editor.elementor-drop-cap-view-stacked .elementor-drop-cap{background-color:#69727d;color:#fff}.elementor-widget-text-editor.elementor-drop-cap-view-framed .elementor-drop-cap{color:#69727d;border:3px solid;background-color:transparent}.elementor-widget-text-editor:not(.elementor-drop-cap-view-default) .elementor-drop-cap{margin-top:8px}.elementor-widget-text-editor:not(.elementor-drop-cap-view-default) .elementor-drop-cap-letter{width:1em;height:1em}.elementor-widget-text-editor .elementor-drop-cap{float:left;text-align:center;line-height:1;font-size:50px}.elementor-widget-text-editor .elementor-drop-cap-letter{display:inline-block}<\/style>\t\t\t\t<p>Nacido en <strong>Barcelona en 1989<\/strong>, se ha formado en<strong> interpretaci\u00f3n <\/strong>a <strong>E\u00f2lia \u2013 Centro Superior de Arte Dram\u00e1tico<\/strong> y en <strong>dramaturgia <\/strong>a <strong>el obrador de la Sala Beckett<\/strong>. Ha participado en espect\u00e1culos de escenarios barceloneses como la <strong>Sala Atrium<\/strong>, <strong>Escenario Joan Brossa<\/strong>, <strong>Mercado de las Flores<\/strong>, <strong>Antiguo Teatro<\/strong>, <strong>La Badabadoc<\/strong> o el<strong> Teatro E\u00f2lia<\/strong>, adem\u00e1s de girar por el resto de <strong>Catalu\u00f1a <\/strong>y pasar por\u00a0<strong>Madrid, <\/strong><strong>Menorca<\/strong>, <strong>Andorra<\/strong> y\u00a0<strong>Italia<\/strong>.\u00a0<\/p><p>Entre los profesionales con los que se ha formado o ha trabajado destacan<strong> Juan Yago<\/strong>, <strong>Javier Daulte<\/strong>, <strong>Denise Duncan<\/strong>, <strong>Marco Rosich<\/strong>, <strong>Guillem Alb\u00e0<\/strong>, <strong>Clara Many\u00f3s<\/strong> y\u00a0<strong>\u00c1ngela Palacios<\/strong>.<\/p><p>Interesado globalmente en la <strong>creaci\u00f3n esc\u00e9nica<\/strong>, tanto ha actuado como ha escrito y ha participado en proyectos de <b>creaci\u00f3n colectiva<\/b>, <b>improvisaci\u00f3n <\/b>y <b>dinamizaci\u00f3n <\/b>teatral de eventos. Adem\u00e1s, es cofundador de la compa\u00f1\u00eda <strong>El Hambre de la Fiera<\/strong> con la que ha estrenado <em><b>PAU Paisajes En Els Ojos<\/b><\/em>.<\/p><p>Tambi\u00e9n ha actuado en cortometrajes de <strong>cine<\/strong>, es <strong>guitarrista<\/strong>\u00a0y, paralelamente al \u00e1mbito esc\u00e9nico, es licenciado en<strong> periodismo <\/strong>por la<strong> Universidad Aut\u00f3noma de Barcelona (UAB)<\/strong> y ha ejercido diferentes trabajos ligados al <strong>periodismo<\/strong>, la <strong>comunicaci\u00f3n<\/strong> y la <strong>d<\/strong><strong>inamizaci\u00f3n sociocultural<\/strong>.<\/p>\t\t\t\t\t\t<\/div>\n\t\t\t\t<\/div>\n\t\t\t\t<div class=\"elementor-element elementor-element-fc09230 elementor-widget elementor-widget-heading\" data-id=\"fc09230\" data-element_type=\"widget\" data-widget_type=\"heading.default\">\n\t\t\t\t<div class=\"elementor-widget-container\">\n\t\t\t<h4 class=\"elementor-heading-title elementor-size-default\"><i>CATAL\u00c0_<\/i><\/h4>\t\t<\/div>\n\t\t\t\t<\/div>\n\t\t\t\t<div class=\"elementor-element elementor-element-503898d elementor-drop-cap-yes elementor-drop-cap-view-default elementor-widget elementor-widget-text-editor\" data-id=\"503898d\" data-element_type=\"widget\" data-settings=\"{&quot;drop_cap&quot;:&quot;yes&quot;}\" data-widget_type=\"text-editor.default\">\n\t\t\t\t<div class=\"elementor-widget-container\">\n\t\t\t\t\t\t\t<p><i>Nacido en <b>Barcelona en 1989<\/b>, se ha formado en\u00a0<b>interpretaci\u00f3n <\/b>en\u00a0<span style=\"font-weight: bolder;\">E\u00f2lia \u2013 Centro Superior de Arte Dram\u00e1tico<\/span>\u00a0y en dramaturgia en el <b>obrador de la Sala Beckett<\/b>. Ha participado en espect\u00e1culos de escenarios barceloneses como la\u00a0<span style=\"font-weight: bolder;\">Sala Atrium<\/span>,\u00a0<span style=\"font-weight: bolder;\">Escenario Joan Brossa<\/span>,\u00a0<span style=\"font-weight: bolder;\">Mercado de las Flores<\/span>,\u00a0<span style=\"font-weight: bolder;\">Antiguo Teatro<\/span>,\u00a0<span style=\"font-weight: bolder;\">La Badabadoc<\/span>\u00a0o <span style=\"font-weight: bolder;\">Teatro E\u00f2lia<\/span>, adem\u00e1s de girar por el resto de Catalu\u00f1a y pasar miedo <b>Madrid<\/b>, <b>Menorca<\/b>, <b>Andorra <\/b>e <b>italiano<\/b>.\u00a0<\/i><\/p><p><i>Entre los profesionales con los que se ha formado o ha trabajado destacan <strong>Juan Yago<\/strong>, <strong>Javier Daulte<\/strong>,\u00a0<strong>Denise Duncan<\/strong>, <strong>Marco Rosich<\/strong>, <strong>Guillem Alb\u00e0<\/strong>, <strong>Clara Many\u00f3s<\/strong>\u00a0y <strong>\u00c1ngela Palacios<\/strong>.<\/i><\/p><p><i>\u00a0<\/i><i>Interesado globalmente en la <\/i><strong style=\"font-style: italic;\">creaci\u00f3n esc\u00e9nica<\/strong><i>, tanto ha actuado como ha escrito y ha participado en proyectos de <\/i><strong style=\"font-style: italic;\">creaci\u00f3n colectiva<\/strong><i>, <\/i><strong style=\"font-style: italic;\">improvisaci\u00f3n<\/strong><i> y <\/i><strong style=\"font-style: italic;\">dinamizaci\u00f3n<\/strong><i> teatral de eventos. Adem\u00e1s es cofundador de la compa\u00f1\u00eda <\/i><strong style=\"font-style: italic;\">El Hambre de la Fiera<\/strong><i> con la que estreno\u00a0<\/i><strong>PAU Paisajes En Els Ojos<\/strong><i>.<\/i><\/p><p><i>Tambi\u00e9n ha actuado en cortometrajes de <strong>cine<\/strong>, se <strong>guitarrista<\/strong> y, paralelamente al \u00e1mbito esc\u00e9nico, se licenciado en <strong>periodismo <\/strong>por la <strong>Universidad Aut\u00f3noma de Barcelona (UAB)<\/strong> y ha ejercido diferentes trabajos ligados en el <strong>periodismo<\/strong>, la <strong>comunicaci\u00f3n<\/strong> y la <strong>dinamizaci\u00f3n sociocultural<\/strong>.<\/i><\/p>\t\t\t\t\t\t<\/div>\n\t\t\t\t<\/div>\n\t\t\t\t\t<\/div>\n\t\t<\/div>\n\t\t\t\t\t<\/div>\n\t\t<\/section>\n\t\t\t\t<\/div>","protected":false},"excerpt":{"rendered":"<p>CATAL\u00c0_ Nascut a Barcelona el 1989, s&#8217;ha format en interpretaci\u00f3 a E\u00f2lia &#8211; Centre Superior d&#8217;Art Dram\u00e0tic i en dramat\u00fargia a l&#8217;obrador de la Sala Beckett. Ha participat en espectacles d&#8217;escenaris barcelonins com la Sala Atrium, Escenari Joan Brossa, Mercat de les Flors, Antic Teatre, La Badabadoc o el Teatre E\u00f2lia, a m\u00e9s de girar [&hellip;]<\/p>","protected":false},"author":1,"featured_media":0,"parent":0,"menu_order":0,"comment_status":"closed","ping_status":"closed","template":"elementor_header_footer","meta":{"footnotes":""},"class_list":["post-52","page","type-page","status-publish","hentry"],"_links":{"self":[{"href":"http:\/\/marticosta.es\/es\/wp-json\/wp\/v2\/pages\/52","targetHints":{"allow":["GET"]}}],"collection":[{"href":"http:\/\/marticosta.es\/es\/wp-json\/wp\/v2\/pages"}],"about":[{"href":"http:\/\/marticosta.es\/es\/wp-json\/wp\/v2\/types\/page"}],"author":[{"embeddable":true,"href":"http:\/\/marticosta.es\/es\/wp-json\/wp\/v2\/users\/1"}],"replies":[{"embeddable":true,"href":"http:\/\/marticosta.es\/es\/wp-json\/wp\/v2\/comments?post=52"}],"version-history":[{"count":47,"href":"http:\/\/marticosta.es\/es\/wp-json\/wp\/v2\/pages\/52\/revisions"}],"predecessor-version":[{"id":415,"href":"http:\/\/marticosta.es\/es\/wp-json\/wp\/v2\/pages\/52\/revisions\/415"}],"wp:attachment":[{"href":"http:\/\/marticosta.es\/es\/wp-json\/wp\/v2\/media?parent=52"}],"curies":[{"name":"wp","href":"https:\/\/api.w.org\/{rel}","templated":true}]}}